{"id":7,"date":"2022-01-05T16:29:48","date_gmt":"2022-01-05T15:29:48","guid":{"rendered":"http:\/\/okrok.fun\/?page_id=7"},"modified":"2022-05-16T09:55:41","modified_gmt":"2022-05-16T07:55:41","slug":"kontakt","status":"publish","type":"page","link":"http:\/\/okrok.fun\/?page_id=7","title":{"rendered":"Wsp\u00f3\u0142praca\/Collaboration"},"content":{"rendered":"\n<p>Zapraszamy do wsp\u00f3\u0142pracy. Jeste\u015bmy otwarci na r\u00f3\u017cnego rodzaju propozycje. W naszej bazie zdj\u0119\u0107 jest ponad sto tysi\u0119cy fotografii. Realizujemy na zam\u00f3wienie artyku\u0142y z ilustracj\u0105 fotograficzn\u0105. Istnieje mo\u017cliwo\u015b\u0107 wykorzystania naszego bloga do cel\u00f3w reklamowych. Posiadamy d\u0142ugoletnie do\u015bwiadczenie w pracy fotograficznej, wsp\u00f3\u0142pracy z mediami i agencjami fotograficznymi. Masz inny pomys\u0142 na wsp\u00f3\u0142prac\u0119 pisz!<\/p>\n\n\n\n<figure class=\"wp-block-image size-full\"><img fetchpriority=\"high\" decoding=\"async\" width=\"1024\" height=\"597\" src=\"http:\/\/okrok.fun\/wp-content\/uploads\/2022\/02\/wizytowka-2.jpg1_-2.jpg\" alt=\"\" class=\"wp-image-578\" srcset=\"http:\/\/okrok.fun\/wp-content\/uploads\/2022\/02\/wizytowka-2.jpg1_-2.jpg 1024w, http:\/\/okrok.fun\/wp-content\/uploads\/2022\/02\/wizytowka-2.jpg1_-2-300x175.jpg 300w, http:\/\/okrok.fun\/wp-content\/uploads\/2022\/02\/wizytowka-2.jpg1_-2-768x448.jpg 768w, http:\/\/okrok.fun\/wp-content\/uploads\/2022\/02\/wizytowka-2.jpg1_-2-850x496.jpg 850w\" sizes=\"(max-width: 1024px) 100vw, 1024px\" \/><\/figure>\n\n\n\n<p>We invite you to cooperation. We are open to all kinds of suggestions. There are over one hundred thousand photos in our photo database. We make custom articles with photo illustrations. It is possible to use our blog for advertising purposes. We have many years of experience in photo work, cooperation with the media and photo agencies. If you have a different idea for cooperation, write to us!<\/p>\n\n\n\n<p><\/p>\n\n\n\n<p><\/p>\n\n\n\n<p>Micha\u0142 600 088 295<\/p>\n\n\n\n<p>www.instagram.com\/okrokmalepodroze\/<\/p>\n","protected":false},"excerpt":{"rendered":"<p>Zapraszamy do wsp\u00f3\u0142pracy. Jeste\u015bmy otwarci na r\u00f3\u017cnego rodzaju propozycje. W naszej bazie zdj\u0119\u0107 jest ponad sto tysi\u0119cy fotografii. Realizujemy na zam\u00f3wienie artyku\u0142y z ilustracj\u0105 fotograficzn\u0105. Istnieje mo\u017cliwo\u015b\u0107 wykorzystania naszego bloga do cel\u00f3w reklamowych. Posiadamy d\u0142ugoletnie do\u015bwiadczenie w pracy fotograficznej, wsp\u00f3\u0142pracy z mediami i agencjami fotograficznymi. Masz inny pomys\u0142 na wsp\u00f3\u0142prac\u0119 pisz! We invite you to&#8230;<\/p>\n","protected":false},"author":1,"featured_media":0,"parent":0,"menu_order":0,"comment_status":"closed","ping_status":"closed","template":"","meta":{"footnotes":""},"class_list":["post-7","page","type-page","status-publish","hentry"],"_links":{"self":[{"href":"http:\/\/okrok.fun\/index.php?rest_route=\/wp\/v2\/pages\/7","targetHints":{"allow":["GET"]}}],"collection":[{"href":"http:\/\/okrok.fun\/index.php?rest_route=\/wp\/v2\/pages"}],"about":[{"href":"http:\/\/okrok.fun\/index.php?rest_route=\/wp\/v2\/types\/page"}],"author":[{"embeddable":true,"href":"http:\/\/okrok.fun\/index.php?rest_route=\/wp\/v2\/users\/1"}],"replies":[{"embeddable":true,"href":"http:\/\/okrok.fun\/index.php?rest_route=%2Fwp%2Fv2%2Fcomments&post=7"}],"version-history":[{"count":7,"href":"http:\/\/okrok.fun\/index.php?rest_route=\/wp\/v2\/pages\/7\/revisions"}],"predecessor-version":[{"id":891,"href":"http:\/\/okrok.fun\/index.php?rest_route=\/wp\/v2\/pages\/7\/revisions\/891"}],"wp:attachment":[{"href":"http:\/\/okrok.fun\/index.php?rest_route=%2Fwp%2Fv2%2Fmedia&parent=7"}],"curies":[{"name":"wp","href":"https:\/\/api.w.org\/{rel}","templated":true}]}}